{"id":5280,"date":"2022-12-28T20:26:37","date_gmt":"2022-12-28T19:26:37","guid":{"rendered":"https:\/\/eliselenoble.fr\/formations\/?page_id=5280"},"modified":"2024-12-19T13:21:10","modified_gmt":"2024-12-19T12:21:10","slug":"conditions-generales-de-vente","status":"publish","type":"page","link":"https:\/\/eliselenoble.fr\/formations\/conditions-generales-de-vente\/","title":{"rendered":"Conditions g\u00e9n\u00e9rales de vente"},"content":{"rendered":"\t\t<div data-elementor-type=\"wp-page\" data-elementor-id=\"5280\" class=\"elementor elementor-5280\">\n\t\t\t\t\t\t<section class=\"elementor-section elementor-top-section elementor-element elementor-element-21a2593c elementor-section-boxed elementor-section-height-default elementor-section-height-default\" data-id=\"21a2593c\" data-element_type=\"section\" data-e-type=\"section\">\n\t\t\t\t\t\t<div class=\"elementor-container elementor-column-gap-default\">\n\t\t\t\t\t<div class=\"elementor-column elementor-col-100 elementor-top-column elementor-element elementor-element-3f82bcf7\" data-id=\"3f82bcf7\" data-element_type=\"column\" data-e-type=\"column\">\n\t\t\t<div class=\"elementor-widget-wrap elementor-element-populated\">\n\t\t\t\t\t\t<div class=\"elementor-element elementor-element-38c0c1c elementor-widget__width-initial elementor-widget elementor-widget-heading\" data-id=\"38c0c1c\" data-element_type=\"widget\" data-e-type=\"widget\" data-widget_type=\"heading.default\">\n\t\t\t\t<div class=\"elementor-widget-container\">\n\t\t\t\t\t<h1 class=\"elementor-heading-title elementor-size-default\">Conditions G\u00e9n\u00e9rales de Vente (CGV)<\/h1>\t\t\t\t<\/div>\n\t\t\t\t<\/div>\n\t\t\t\t<div class=\"elementor-element elementor-element-1cb7c91b elementor-widget__width-initial elementor-widget elementor-widget-text-editor\" data-id=\"1cb7c91b\" data-element_type=\"widget\" data-e-type=\"widget\" data-widget_type=\"text-editor.default\">\n\t\t\t\t<div class=\"elementor-widget-container\">\n\t\t\t\t\t\t\t\t\t<p><strong>Bienvenue.<\/strong><\/p>\n<p><!-- \/wp:paragraph --><\/p>\n<p><!-- wp:paragraph --><\/p>\n<p><strong>Vous trouverez ci-dessous les Conditions G\u00e9n\u00e9rales de Vente (CGV) de mes programmes de formation de g\u00e9n\u00e9alogie.<\/strong><\/p>\n<p><!-- \/wp:paragraph --><\/p>\n<p><!-- wp:paragraph --><\/p>\n<p>Pour toute question, vous pouvez me contacter \u00e0 : eliselenoble@eliselenoble.fr<\/p>\n<p><!-- \/wp:paragraph --><\/p>\n<p><!-- wp:paragraph --><\/p>\n<p>Merci pour votre confiance.\u00a0<\/p>\n<p><!-- \/wp:paragraph --><\/p>\n<p><!-- wp:heading --><\/p>\n<h2 class=\"wp-block-heading\">Article 1 &#8211; Qui suis-je ?<\/h2>\n<p><!-- \/wp:heading --><\/p>\n<p><!-- wp:paragraph --><\/p>\n<p>Je m&rsquo;appelle Elise Lenoble et voici les coordonn\u00e9es de mon entreprise :<\/p>\n<p><!-- \/wp:paragraph --><\/p>\n<p><!-- wp:paragraph --><\/p>\n<p>Elise Lenoble (Entreprise Individuelle)<br \/>Adresse du si\u00e8ge : 26 Avenue de Nancy, 57000 METZ<br \/>SIRET : 824 130 645 00032<br \/>Num\u00e9ro de TVA : FR75824130645<br \/>Contact : eliselenoble@eliselenoble.fr<\/p>\n<p><!-- \/wp:paragraph --><\/p>\n<p><!-- wp:paragraph --><\/p>\n<p>Dans ces pr\u00e9sentes conditions g\u00e9n\u00e9rales de vente, mon entreprise individuelle est d\u00e9sign\u00e9e plus simplement par \u00ab\u00a0Elise Lenoble\u00a0\u00bb.<\/p>\n<p><!-- \/wp:paragraph --><\/p>\n<p><!-- wp:heading --><\/p>\n<h2 class=\"wp-block-heading\">Article 2 &#8211; Objet et champ d&rsquo;application<\/h2>\n<p><!-- \/wp:heading --><\/p>\n<p><!-- wp:paragraph --><\/p>\n<p>Les pr\u00e9sentes conditions g\u00e9n\u00e9rales de vente (ci-apr\u00e8s les \u00ab\u00a0<strong>CGV<\/strong>\u00a0\u00bb) s&rsquo;appliquent aux ventes de formations par Elise Lenoble aupr\u00e8s de clients (ci-apr\u00e8s le \u00ab\u00a0<strong>Client<\/strong>\u00a0\u00bb) sur le site https:\/\/eliselenoble.fr et les \u00e9ventuels sous domaines associ\u00e9s (ci-apr\u00e8s le \u00ab\u00a0<strong>Site<\/strong>\u00a0\u00bb).\u00a0<\/p>\n<p><!-- \/wp:paragraph --><\/p>\n<p><!-- wp:paragraph --><\/p>\n<p>Les Conditions G\u00e9n\u00e9rales de Vente d\u00e9terminent les droits et obligations d&rsquo;Elise Lenoble et du Client dans le cadre de la vente de ces formations.<\/p>\n<p><!-- \/wp:paragraph --><\/p>\n<p><!-- wp:heading --><\/p>\n<h2 class=\"wp-block-heading\">Article 3 &#8211; Formations de g\u00e9n\u00e9alogie<\/h2>\n<p><!-- \/wp:heading --><\/p>\n<p><!-- wp:paragraph --><\/p>\n<p>Les produits vendus par Elise Lenoble sont des formations de g\u00e9n\u00e9alogie qui s&rsquo;adressent aux g\u00e9n\u00e9alogistes, aussi bien amateurs que professionnels.<\/p>\n<p><!-- \/wp:paragraph --><\/p>\n<p><!-- wp:paragraph --><\/p>\n<p>Le but de ces formations est d&rsquo;apprendre \u00e0 utiliser de nouvelles archives et ainsi retrouver des informations sur ses anc\u00eatres.<\/p>\n<p><!-- \/wp:paragraph --><\/p>\n<p><!-- wp:paragraph --><\/p>\n<p>Ces formations sont d\u00e9livr\u00e9es par le biais de vid\u00e9os h\u00e9berg\u00e9es sur le site https:\/\/eliselenoble.fr\/formations\/ .<\/p>\n<p><!-- \/wp:paragraph --><\/p>\n<p><!-- wp:paragraph --><\/p>\n<p>Des supports de cours \u00e0 imprimer accompagnent la plupart de ces formations.<\/p>\n<p><!-- \/wp:paragraph --><\/p>\n<p><!-- wp:paragraph --><\/p>\n<p>L&rsquo;acc\u00e8s aux formations est imm\u00e9diat : le Client peut donc commencer \u00e0 consulter sa formation d\u00e8s son achat.<\/p>\n<p><!-- \/wp:paragraph --><\/p>\n<p><!-- wp:paragraph --><\/p>\n<p>L&rsquo;acc\u00e8s aux formations est de plus illimit\u00e9 : le Client peut donc revoir sa formation autant de fois qu&rsquo;il le souhaite.<\/p>\n<p><!-- \/wp:paragraph --><\/p>\n<p><!-- wp:paragraph --><\/p>\n<p>L&rsquo;acc\u00e8s aux formation est \u00e0 vie : le Client peut donc revoir sa formation autant de fois qu&rsquo;il le souhaite, y compris plusieurs ann\u00e9es plus tard.<\/p>\n<p><!-- \/wp:paragraph --><\/p>\n<p><!-- wp:heading --><\/p>\n<h2 class=\"wp-block-heading\">Article 4 &#8211; Droit de r\u00e9tractation et Garantie de 100 jours<\/h2>\n<p><!-- \/wp:heading --><\/p>\n<p><!-- wp:paragraph --><\/p>\n<p>Si vous achetez un bien ou un service \u00e0 distance, vous avez le droit de changer d&rsquo;avis sur votre achat. C&rsquo;est le droit de r\u00e9tractation, et en France, ce droit de r\u00e9tractation est de 14 jours.<\/p>\n<p><!-- \/wp:paragraph --><\/p>\n<p><!-- wp:paragraph --><\/p>\n<p>Cependant, les formations propos\u00e9es sur ce Site sont accompagn\u00e9es d&rsquo;une garantie qui va bien au-del\u00e0 de ces 14 jours.<\/p>\n<p><!-- \/wp:paragraph --><\/p>\n<p><!-- wp:paragraph --><\/p>\n<p>Les formations d&rsquo;Elise Lenoble sont toutes accompagn\u00e9es d&rsquo;une garantie de 100 jours que vous pouvez utiliser si vous n&rsquo;\u00eates pas totalement satisfait.<\/p>\n<p><!-- \/wp:paragraph --><\/p>\n<p><!-- wp:paragraph --><\/p>\n<p>Concr\u00e8tement, cela veut dire que : vous acc\u00e9dez \u00e0 la formation, vous regardez les vid\u00e9os, vous t\u00e9l\u00e9chargez les documents, vous utilisez toutes les m\u00e9thodes pour retrouver vos anc\u00eatres, etc.<\/p>\n<p><!-- \/wp:paragraph --><\/p>\n<p><!-- wp:paragraph --><\/p>\n<p>Et si au cours des 100 jours suivant votre achat vous n\u2019\u00eates pas compl\u00e8tement satisfait(e), vous \u00eates enti\u00e8rement rembours\u00e9 \u00e0 100%.<\/p>\n<p><!-- \/wp:paragraph --><\/p>\n<p><!-- wp:paragraph --><\/p>\n<p>Pour cela, il vous suffit d&rsquo;envoyer un e-mail \u00e0 eliselenoble@eliselenoble.fr et vous serez int\u00e9gralement rembours\u00e9.<\/p>\n<p><!-- \/wp:paragraph --><\/p>\n<p><!-- wp:paragraph --><\/p>\n<p>C\u2019est aussi simple que cela.<\/p>\n<p><!-- \/wp:paragraph --><\/p>\n<p><!-- wp:heading --><\/p>\n<h2 class=\"wp-block-heading\">Article 5 &#8211; Prix et modalit\u00e9s de r\u00e8glement<\/h2>\n<p><!-- \/wp:heading --><\/p>\n<p><!-- wp:paragraph --><\/p>\n<p>Tous les prix figurant sur ce site sont libell\u00e9s en Euros et sont indiqu\u00e9s Toutes Taxes Comprises.<\/p>\n<p><!-- \/wp:paragraph --><\/p>\n<p><!-- wp:paragraph --><\/p>\n<p>Le r\u00e8glement des commandes peut s&rsquo;effectuer par carte de paiement, par ch\u00e8que, par virement ou par le service de paiement Paypal.<\/p>\n<p><!-- \/wp:paragraph --><\/p>\n<p><!-- wp:paragraph --><\/p>\n<p>Le paiement s\u00e9curis\u00e9 en ligne par carte bancaire est r\u00e9alis\u00e9 par l\u2019interm\u00e9diaire de la plateforme de paiement s\u00e9curis\u00e9 Stripe.<\/p>\n<p><!-- \/wp:paragraph --><\/p>\n<p><!-- wp:heading --><\/p>\n<h2 class=\"wp-block-heading\">Article 6 &#8211; Protection des donn\u00e9es personnelles<\/h2>\n<p><!-- \/wp:heading --><\/p>\n<p><!-- wp:paragraph --><\/p>\n<p>Conform\u00e9ment \u00e0 la R\u00e9glementation G\u00e9n\u00e9rale Europ\u00e9enne sur la Protection des Donn\u00e9es (RGPD), vous disposez d\u2019un droit d\u2019acc\u00e8s et de rectification aux donn\u00e9es personnelles vous concernant.<\/p>\n<p><!-- \/wp:paragraph --><\/p>\n<p><!-- wp:paragraph --><\/p>\n<p>Le traitement de vos donn\u00e9es \u00e0 caract\u00e8re personnel est r\u00e9gi par une <a href=\"https:\/\/eliselenoble.fr\/formations\/mentions-legales\/\" target=\"_blank\" rel=\"noreferrer noopener\">Charte du respect de la vie priv\u00e9e<\/a>.<\/p>\n<p><!-- \/wp:paragraph --><\/p>\n<p><!-- wp:heading --><\/p>\n<h2 class=\"wp-block-heading\">Article 7 &#8211; Propri\u00e9t\u00e9 intellectuelle<\/h2>\n<p><!-- \/wp:heading --><\/p>\n<p><!-- wp:paragraph --><\/p>\n<p>Le contenu de ce Site et des formations est la propri\u00e9t\u00e9 exclusive de Elise Lenoble. Ce contenu est prot\u00e9g\u00e9 par les lois fran\u00e7aises et internationales relatives \u00e0 la propri\u00e9t\u00e9 intellectuelle. Toute reproduction totale ou partielle est formellement interdite sans autorisation.<\/p>\n<p><!-- \/wp:paragraph --><\/p>\n<p><!-- wp:paragraph --><\/p>\n<p>En contrepartie du paiement du prix, les contenus et informations transmises font l\u2019objet d\u2019un droit d\u2019utilisation personnel, non cessible.<\/p>\n<p><!-- \/wp:paragraph --><\/p>\n<p><!-- wp:paragraph --><\/p>\n<p>En particulier, le Client s\u2019interdit de c\u00e9der le contenu des formations \u00e0 des tiers, ou encore d\u2019exploiter ce contenu \u00e0 des fins commerciales. Il engage sa responsabilit\u00e9 sur le fondement des articles L.122-4 et L.335-2 et suivants du code de la propri\u00e9t\u00e9 intellectuelle fran\u00e7ais en cas de cession ou de communication des contenus non autoris\u00e9e.<\/p>\n<p><!-- \/wp:paragraph --><\/p>\n<p><!-- wp:heading --><\/p>\n<h2 class=\"wp-block-heading\">Article 8 &#8211; Droit applicable<\/h2>\n<p><!-- \/wp:heading --><\/p>\n<p><!-- wp:paragraph --><\/p>\n<p>Toutes les clauses figurant dans les pr\u00e9sentes conditions g\u00e9n\u00e9rales de vente, ainsi que toutes les op\u00e9rations d\u2019achat et de vente qui y sont vis\u00e9es, sont soumises au droit fran\u00e7ais.<\/p>\n<p><!-- \/wp:paragraph --><\/p>\n<p><!-- wp:heading --><\/p>\n<h2 class=\"wp-block-heading\">Article 9 &#8211; Informations de contact<\/h2>\n<p><!-- \/wp:heading --><\/p>\n<p><!-- wp:paragraph --><\/p>\n<p>Pour me contacter par mail, le plus simple est de m&rsquo;\u00e9crire \u00e0 eliselenoble@eliselenoble.fr<\/p>\n<p><!-- \/wp:paragraph --><\/p>\n<p><!-- wp:paragraph --><\/p>\n<p>Pour m&rsquo;\u00e9crire un message personnel, n&rsquo;h\u00e9sitez pas \u00e0 m&rsquo;envoyer un courrier \u00e0 :<\/p>\n<p><!-- \/wp:paragraph --><\/p>\n<p><!-- wp:paragraph --><\/p>\n<p>Elise Lenoble 26 avenue de Nancy 57000 METZ (France)<\/p>\n<p><!-- \/wp:paragraph --><\/p>\n<p><!-- wp:paragraph --><\/p>\n<p><!-- \/wp:paragraph --><\/p>\n<p><!-- wp:heading --><\/p>\n<h2 class=\"wp-block-heading\">Article 10 &#8211; H\u00e9bergeur de ce site<\/h2>\n<p><!-- \/wp:heading --><\/p>\n<p><!-- wp:paragraph --><\/p>\n<p>Le site est h\u00e9berg\u00e9 par la soci\u00e9t\u00e9 Gandi, dont les coordonn\u00e9es sont :<br \/>63-65 boulevard Mass\u00e9na 75013 Paris<br \/>T\u00e9l\u00e9phone : +33 (0)1 70 37 76 61<br \/>E-mail : direction@gandi.net<\/p>\n<p><!-- \/wp:paragraph --><\/p>\t\t\t\t\t\t\t\t<\/div>\n\t\t\t\t<\/div>\n\t\t\t\t\t<\/div>\n\t\t<\/div>\n\t\t\t\t\t<\/div>\n\t\t<\/section>\n\t\t\t\t<\/div>\n\t\t","protected":false},"excerpt":{"rendered":"<p>Conditions G\u00e9n\u00e9rales de Vente (CGV) Bienvenue. Vous trouverez ci-dessous les Conditions G\u00e9n\u00e9rales de Vente (CGV) de mes programmes de formation de g\u00e9n\u00e9alogie. Pour toute question, vous pouvez me contacter \u00e0 : eliselenoble@eliselenoble.fr Merci pour votre confiance.\u00a0 Article 1 &#8211; Qui suis-je ? Je m&rsquo;appelle Elise Lenoble et voici les coordonn\u00e9es de mon entreprise : Elise [&hellip;]<\/p>\n","protected":false},"author":1,"featured_media":0,"parent":0,"menu_order":0,"comment_status":"closed","ping_status":"closed","template":"elementor_canvas","meta":{"footnotes":""},"simple-restrict-permission":[],"class_list":["post-5280","page","type-page","status-publish","hentry","entry"],"_links":{"self":[{"href":"https:\/\/eliselenoble.fr\/formations\/wp-json\/wp\/v2\/pages\/5280","targetHints":{"allow":["GET"]}}],"collection":[{"href":"https:\/\/eliselenoble.fr\/formations\/wp-json\/wp\/v2\/pages"}],"about":[{"href":"https:\/\/eliselenoble.fr\/formations\/wp-json\/wp\/v2\/types\/page"}],"author":[{"embeddable":true,"href":"https:\/\/eliselenoble.fr\/formations\/wp-json\/wp\/v2\/users\/1"}],"replies":[{"embeddable":true,"href":"https:\/\/eliselenoble.fr\/formations\/wp-json\/wp\/v2\/comments?post=5280"}],"version-history":[{"count":66,"href":"https:\/\/eliselenoble.fr\/formations\/wp-json\/wp\/v2\/pages\/5280\/revisions"}],"predecessor-version":[{"id":7478,"href":"https:\/\/eliselenoble.fr\/formations\/wp-json\/wp\/v2\/pages\/5280\/revisions\/7478"}],"wp:attachment":[{"href":"https:\/\/eliselenoble.fr\/formations\/wp-json\/wp\/v2\/media?parent=5280"}],"wp:term":[{"taxonomy":"simple-restrict-permission","embeddable":true,"href":"https:\/\/eliselenoble.fr\/formations\/wp-json\/wp\/v2\/simple-restrict-permission?post=5280"}],"curies":[{"name":"wp","href":"https:\/\/api.w.org\/{rel}","templated":true}]}}