{"id":5271,"date":"2022-12-28T15:00:05","date_gmt":"2022-12-28T14:00:05","guid":{"rendered":"https:\/\/eliselenoble.fr\/formations\/?page_id=5271"},"modified":"2025-01-29T13:59:09","modified_gmt":"2025-01-29T12:59:09","slug":"mentions-legales","status":"publish","type":"page","link":"https:\/\/eliselenoble.fr\/formations\/mentions-legales\/","title":{"rendered":"Mentions l\u00e9gales et Politique de confidentialit\u00e9"},"content":{"rendered":"\t\t<div data-elementor-type=\"wp-page\" data-elementor-id=\"5271\" class=\"elementor elementor-5271\">\n\t\t\t\t\t\t<section class=\"elementor-section elementor-top-section elementor-element elementor-element-2c4e40e3 elementor-section-boxed elementor-section-height-default elementor-section-height-default\" data-id=\"2c4e40e3\" data-element_type=\"section\" data-e-type=\"section\">\n\t\t\t\t\t\t<div class=\"elementor-container elementor-column-gap-default\">\n\t\t\t\t\t<div class=\"elementor-column elementor-col-100 elementor-top-column elementor-element elementor-element-3098e42d\" data-id=\"3098e42d\" data-element_type=\"column\" data-e-type=\"column\">\n\t\t\t<div class=\"elementor-widget-wrap elementor-element-populated\">\n\t\t\t\t\t\t<div class=\"elementor-element elementor-element-7c4997e elementor-widget__width-initial elementor-widget elementor-widget-heading\" data-id=\"7c4997e\" data-element_type=\"widget\" data-e-type=\"widget\" data-widget_type=\"heading.default\">\n\t\t\t\t<div class=\"elementor-widget-container\">\n\t\t\t\t\t<h1 class=\"elementor-heading-title elementor-size-default\">Mentions l\u00e9gales et Politique de confidentialit\u00e9<\/h1>\t\t\t\t<\/div>\n\t\t\t\t<\/div>\n\t\t\t\t<div class=\"elementor-element elementor-element-244b0a4d elementor-widget__width-initial elementor-widget elementor-widget-text-editor\" data-id=\"244b0a4d\" data-element_type=\"widget\" data-e-type=\"widget\" data-widget_type=\"text-editor.default\">\n\t\t\t\t<div class=\"elementor-widget-container\">\n\t\t\t\t\t\t\t\t\t<h2>Mentions L\u00e9gales<\/h2><p>Conform\u00e9ment aux dispositions de la loi n\u00b0 2004-575 du 21 juin 2004 pour la confiance en l&rsquo;\u00e9conomie num\u00e9rique, il est pr\u00e9cis\u00e9 aux utilisateurs de ce site l&rsquo;identit\u00e9 des diff\u00e9rents intervenants dans le cadre de sa r\u00e9alisation et de son suivi.<\/p><p>Ce site, accessible \u00e0 l\u2019adresse\u00a0 <strong>https:\/\/eliselenoble.fr\/<\/strong>\u00a0 , est d\u00e9nomm\u00e9 \u00ab\u00a0le Site\u00a0\u00bb dans les pr\u00e9sentes mentions l\u00e9gales.<\/p><h3>Editeur du site<\/h3><p>Elise LENOBLE\u00a0 (Entreprise Individuelle)<br \/>Adresse postale : 26 avenue de Nancy 57000 Metz (France)<br \/>SIRET : 824 130 645 00032<br \/>Num\u00e9ro de TVA : FR75824130645<br \/>Contact : eliselenoble@eliselenoble.fr<\/p><h3>Directeur de publication<\/h3><p>Elise LENOBLE<br \/>Adresse postale : 26 avenue de Nancy 57000 Metz (France)<br \/>Contact :\u00a0eliselenoble@eliselenoble.fr<\/p><h3>H\u00e9bergement du site<\/h3><p>Le site est h\u00e9berg\u00e9 par la soci\u00e9t\u00e9 Gandi.<br \/>63-65 boulevard Mass\u00e9na 75013 Paris<br \/>T\u00e9l\u00e9phone : 01 70 37 76 61<br \/>E-mail : direction@gandi.net<\/p><h2>Charte de protection de vos donn\u00e9es personnelles (Politique de confidentialit\u00e9)<\/h2><p>Le traitement de vos donn\u00e9es \u00e0 caract\u00e8re personnel est r\u00e9gi par une Charte du respect de la vie priv\u00e9e, conform\u00e9ment au R\u00e8glement G\u00e9n\u00e9ral sur la Protection des Donn\u00e9es 2016\/679 du 27 avril 2016.<\/p><p>En vous connectant \u00e0 ce site, vous transmettez des informations et des donn\u00e9es personnelles. Vos donn\u00e9es sont trait\u00e9es en conformit\u00e9 avec la r\u00e9glementation et vous trouverez ci-dessous toutes les informations l\u00e9gales.<\/p><p>Pour toute question, n&rsquo;h\u00e9sitez pas \u00e0 me contacter : eliselenoble@eliselenoble.fr<\/p><h3>\u00a0<\/h3><h3>Utilisation de cookies<\/h3><h4>Qu&rsquo;est-ce qu&rsquo;un cookie ?<\/h4><p>Ce site web utilise un proc\u00e9d\u00e9 technique, \u2018cookie\u2019, pour enregistrer des informations relatives \u00e0 votre navigation, vos pr\u00e9f\u00e9rences, et personnaliser l&rsquo;affichage des diff\u00e9rentes pages.<\/p><p>Un cookie est un fichier texte qui peut \u00eatre conserv\u00e9 sur le disque dur de votre terminal d\u2019acc\u00e8s \u00e0 Internet (ordinateur, smartphone,\u2026), dans le r\u00e9pertoire li\u00e9 au navigateur web ou au syst\u00e8me d\u2019exploitation utilis\u00e9, lorsque vous visitez des sites Internet.<\/p><p>Les cookies n\u2019endommagent pas votre terminal et n\u2019affectent en aucun cas son fonctionnement. Ils ne contiennent jamais directement d\u2019informations vous rendant susceptible de pouvoir \u00eatre contact\u00e9 par t\u00e9l\u00e9phone, e-mail ou courrier postal.<\/p><p>Pour plus d\u2019informations concernant les cookies, vous pouvez visiter notamment cette page d&rsquo;information : https:\/\/fr.wikipedia.org\/wiki\/Cookie_(informatique)<\/p><p>Il existe diff\u00e9rents types de cookies. Sur ce site, deux finalit\u00e9s diff\u00e9rentes sont poursuivies :<\/p><h4>Utilisation de cookies \u00e0 finalit\u00e9s fonctionnelles<\/h4><p>Les cookies \u00e0 finalit\u00e9s fonctionnelles enregistrent des informations comme des pr\u00e9f\u00e9rences et des choix effectu\u00e9s : d\u00e9p\u00f4t de commentaires, choix de langue, pages visit\u00e9es, etc.<\/p><p>Lorsque vous visitez \u00e0 nouveau le site Internet ult\u00e9rieurement, le site peut acc\u00e9der \u00e0 ces cookies sur votre navigateur et \u00eatre ainsi en mesure de tenir compte des choix que vous aviez effectu\u00e9s lors de vos visites pr\u00e9c\u00e9dentes.<\/p><p>Ces cookies visent \u00e0 \u00e9viter \u00e0 l\u2019utilisateur de devoir r\u00e9p\u00e9ter les m\u00eames saisies au clavier lors d\u2019une nouvelle visite, et plus globalement permettre \u00e0 fournir une exp\u00e9rience de navigation meilleure, notamment gr\u00e2ce \u00e0 une personnalisation de la consultation du site, et l\u2019acc\u00e9l\u00e9ration de l\u2019affichage du site.<\/p><p>Par exemple, si vous d\u00e9posez un commentaire sur ce site, il vous sera propos\u00e9 d\u2019enregistrer votre nom, adresse e-mail et site dans des cookies. C\u2019est uniquement pour votre confort afin de ne pas avoir \u00e0 saisir ces informations si vous d\u00e9posez un autre commentaire plus tard. Ces cookies expirent au bout d\u2019un an.<\/p><p>Ces cookies s\u2019installent sur votre ordinateur automatiquement, sauf si vous les avez bloqu\u00e9s techniquement (<a href=\"#bloquer-les-cookies\">voir comment faire ci-dessous<\/a>).<\/p><h4>Utilisation de cookies \u00e0 finalit\u00e9s analytiques<\/h4><p>Ce site utilise \u00e9galement des cookies \u00e0 finalit\u00e9s analytiques. Ceux-ci permettent de comprendre comment le site est consult\u00e9 : nombre de visiteurs, pages les plus consult\u00e9es, fr\u00e9quence de consultation, type d&rsquo;appareil utilis\u00e9, etc.<\/p><p>Ces informations sont utilis\u00e9es pour savoir quels articles sont les plus lus et ainsi am\u00e9liorer le contenu de ce site.<\/p><p>L\u2019utilisation de ces cookies \u00e0 finalit\u00e9s analytiques est soumise \u00e0 votre consentement, recueilli via une pop-up qui appara\u00eetra lors de votre premi\u00e8re navigation sur le site web.<\/p><p>Les donn\u00e9es qui me sont fournies ne permettent pas d\u2019identifier pr\u00e9cis\u00e9ment un visiteur de ce site.<\/p><h4 id=\"bloquer-les-cookies\">D\u00e9sactiver les cookies<\/h4><p>Pour \u00e9viter le stockage de cookies sur votre ordinateur lorsque vous naviguez sur Internet, vous pouvez \u00e9galement d\u00e9sactiver les cookies en vous rendant dans les options de votre navigateur.\u00a0Cliquez sur le lien correspondant \u00e0 votre navigateur pour d\u00e9couvrir\u00a0comment faire\u00a0:<\/p><ul><li><a class=\"external\" href=\"https:\/\/support.google.com\/chrome\/answer\/95647?hl=fr\" target=\"_blank\" rel=\"noopener\">Google Chrome<\/a><\/li><li><a class=\"external\" href=\"https:\/\/support.mozilla.org\/fr\/kb\/protection-renforcee-contre-pistage-firefox-ordinateur\" target=\"_blank\" rel=\"noopener\">Mozilla Firefox<\/a><\/li><li><a class=\"external\" href=\"https:\/\/support.apple.com\/fr-fr\/guide\/safari\/sfri11471\/mac\" target=\"_blank\" rel=\"noopener\">Safari<\/a><\/li><li><a class=\"external\" href=\"https:\/\/help.opera.com\/en\/latest\/web-preferences\/#cookies\" target=\"_blank\" rel=\"noopener\">Opera<\/a><\/li><li><a class=\"external\" href=\"https:\/\/support.microsoft.com\/fr-fr\/windows\/supprimer-et-g%C3%A9rer-les-cookies-168dab11-0753-043d-7c16-ede5947fc64d#ie=ie-11\" target=\"_blank\" rel=\"noopener\">Internet Explorer<\/a><\/li><\/ul><h3>\u00a0<\/h3><h3>Inscription \u00e0 une formation<\/h3><h4>Cr\u00e9ation d&rsquo;un compte de membre<\/h4><p>Pour vous inscrire \u00e0 une formation, vous devez renseigner diff\u00e9rentes informations sur ce site : votre adresse e-mail (servant d\u2019identifiant de connexion) et un mot de passe.<\/p><p>Ces donn\u00e9es sont stock\u00e9es uniquement sur ce site dans une base de donn\u00e9es s\u00e9curis\u00e9e. Par ailleurs votre mot de passe est stock\u00e9 de mani\u00e8re crypt\u00e9e, ce qui veut dire que m\u00eame moi, en tant qu\u2019administratrice du site web, ne peut y avoir acc\u00e8s.<\/p><h4>Achat et paiement<\/h4><p>Lorsque vous payez par carte bancaire, vos informations de paiement sont transmise \u00e0 la plateforme de paiement <a href=\"https:\/\/stripe.com\/fr\" target=\"_blank\" rel=\"noopener\">Stripe<\/a>, via un protocole s\u00e9curis\u00e9.<\/p><p>Vos donn\u00e9es sont ensuite stock\u00e9es de mani\u00e8re crypt\u00e9e dans une base de donn\u00e9e s\u00e9curis\u00e9e h\u00e9berg\u00e9e sur la plateforme Stripe.<\/p><p>Vos donn\u00e9es sont conserv\u00e9es pendant un d\u00e9lai de 1 mois, afin de pouvoir vous rembourser en cas de probl\u00e8me avec une formation.<\/p><p>Vous pouvez demander \u00e0 tout moment \u00e0 ce que vos donn\u00e9es soient effac\u00e9es de cette base, en m\u2019envoyant un simple mail \u00e0 <a href=\"mailto:eliselenoble@eliselenoble.fr\">eliselenoble@eliselenoble.fr<\/a> (un remboursement est toujours possible par la suite, par virement ou par ch\u00e8que).<\/p><h4>Cookies sp\u00e9cifiques \u00e0 l&rsquo;espace membre<\/h4><p>Ce site utilise des cookies pour vous permettre une meilleure utilisation du site (en particulier pour que vous n\u2019ayez pas \u00e0 vous reconnecter \u00e0 votre compte d\u00e8s que vous quitter le site).<\/p><p>Si vous avez un compte et que vous vous connectez sur ce site, un cookie temporaire sera cr\u00e9\u00e9 afin de d\u00e9terminer si votre navigateur accepte les cookies. Il ne contient pas de donn\u00e9es personnelles et sera supprim\u00e9 automatiquement \u00e0 la fermeture de votre navigateur.<\/p><p>Lorsque vous vous connecterez, nous mettrons en place un certain nombre de cookies pour enregistrer vos informations de connexion et vos pr\u00e9f\u00e9rences d\u2019\u00e9cran. La dur\u00e9e de vie d\u2019un cookie de connexion est de deux jours, celle d\u2019un cookie d\u2019option d\u2019\u00e9cran est d\u2019un an.<\/p><p>Si vous cochez \u00ab\u00a0Se souvenir de moi\u00a0\u00bb, votre cookie de connexion sera conserv\u00e9 pendant deux semaines. Si vous vous d\u00e9connectez de votre compte, le cookie de connexion sera effac\u00e9.<\/p><h4>D\u00e9sinscription<\/h4><p>Vous pouvez \u00e9galement vous d\u00e9sinscrire des formations \u00e0 tout moment en m\u2019envoyant un e-mail pour que votre compte soit effac\u00e9. Dans ce cas, vous perdrez l\u2019acc\u00e8s aux formations.<\/p><p>Si vous choisissez de vous d\u00e9sinscrire des formations, toutes vos donn\u00e9es seront effac\u00e9es d\u00e9finitivement.<\/p><h3>\u00a0<\/h3><h3>Commentaires<\/h3><h4>Donn\u00e9es collect\u00e9es lors du d\u00e9p\u00f4t d&rsquo;un commentaire<\/h4><p>Si vous d\u00e9posez un commentaire sur ce site, il vous sera propos\u00e9 d\u2019enregistrer votre nom, adresse e-mail et site dans des cookies. C\u2019est uniquement pour votre confort afin de ne pas avoir \u00e0 saisir ces informations si vous d\u00e9posez un autre commentaire plus tard. Ces cookies expirent au bout d\u2019un an.<\/p><p>Quand vous laissez un commentaire sur ce site, les donn\u00e9es inscrites dans le formulaire de commentaire, ainsi que votre adresse IP et l\u2019agent utilisateur de votre navigateur sont collect\u00e9s pour permettre la d\u00e9tection des commentaires ind\u00e9sirables.<\/p><h4>Utilisation du service tiers Gravatar<\/h4><p>Lorsque vous d\u00e9posez un commentaire sur ce site, une cha\u00eene anonymis\u00e9e de donn\u00e9es, cr\u00e9\u00e9e \u00e0 partir de votre adresse e-mail, peut \u00eatre envoy\u00e9e au service Gravatar pour v\u00e9rifier si vous utilisez ce dernier.<\/p><p>Si vous utilisez le service Gravatar, votre photo de profil sera visible publiquement \u00e0 c\u00f4t\u00e9 du commentaire que vous avez publi\u00e9.<\/p><p>Les clauses de confidentialit\u00e9 du service Gravatar sont disponibles ici : https:\/\/automattic.com\/privacy\/.<\/p><h4>Dur\u00e9es de stockage de vos donn\u00e9es<\/h4><p>Si vous laissez un commentaire, le commentaire et ses m\u00e9tadonn\u00e9es sont conserv\u00e9s ind\u00e9finiment. Cela permet de reconna\u00eetre et approuver automatiquement les commentaires suivants au lieu de les laisser dans la file de mod\u00e9ration.<\/p><p>Pour les comptes qui s\u2019inscrivent sur ce site (le cas \u00e9ch\u00e9ant), les donn\u00e9es personnelles indiqu\u00e9es dans leur profil sont \u00e9galement stock\u00e9es. Tous les comptes peuvent voir, modifier ou supprimer leurs informations personnelles \u00e0 tout moment (\u00e0 l\u2019exception de leur identifiant). Les gestionnaires du site peuvent aussi voir et modifier ces informations.<\/p><h4>Suppression de commentaires<\/h4><p>Si vous avez vous avez laiss\u00e9 des commentaires sur le site, vous pouvez demander \u00e0 recevoir un fichier contenant toutes les donn\u00e9es personnelles \u00e0 votre sujet. Vous pouvez \u00e9galement demander leur suppression.<\/p><h3>S\u00e9curit\u00e9 de vos donn\u00e9es personnelles<\/h3><p>Des mesures techniques et organisationnelles sont mises en oeuvre pour prot\u00e9ger vos donn\u00e9es personnelles afin que celles-ci ne soient pas divulgu\u00e9es, alt\u00e9r\u00e9es, perdus ou d\u00e9truites.<\/p><p>Les formulaires de ce site sont ainsi \u00e9tablis sur des pages web s\u00e9curis\u00e9es (format https:\/\/ , s\u00e9curis\u00e9 via la technologie SSL \u2013 Secure Socket Layer).<\/p><h3>\u00a0<\/h3><h3>Informations de contact<\/h3><p>Pour toute question ou demande concernant vos donn\u00e9es, vous pouvez me contacter \u00e0 cette adresse e-mail : <a href=\"mailto:eliselenoble@eliselenoble.fr\">eliselenoble@eliselenoble.fr<\/a><\/p><p>Vous trouverez \u00e9galement mes coordonn\u00e9es compl\u00e8tes en bas de chaque page de ce site ainsi que dans les <a href=\"https:\/\/eliselenoble.fr\/formations\/mentions-legales\/\">mentions l\u00e9gales<\/a>.<\/p>\t\t\t\t\t\t\t\t<\/div>\n\t\t\t\t<\/div>\n\t\t\t\t\t<\/div>\n\t\t<\/div>\n\t\t\t\t\t<\/div>\n\t\t<\/section>\n\t\t\t\t<\/div>\n\t\t","protected":false},"excerpt":{"rendered":"<p>Mentions l\u00e9gales et Politique de confidentialit\u00e9 Mentions L\u00e9gales Conform\u00e9ment aux dispositions de la loi n\u00b0 2004-575 du 21 juin 2004 pour la confiance en l&rsquo;\u00e9conomie num\u00e9rique, il est pr\u00e9cis\u00e9 aux utilisateurs de ce site l&rsquo;identit\u00e9 des diff\u00e9rents intervenants dans le cadre de sa r\u00e9alisation et de son suivi. Ce site, accessible \u00e0 l\u2019adresse\u00a0 https:\/\/eliselenoble.fr\/\u00a0 , [&hellip;]<\/p>\n","protected":false},"author":1,"featured_media":0,"parent":0,"menu_order":0,"comment_status":"closed","ping_status":"closed","template":"elementor_canvas","meta":{"footnotes":""},"simple-restrict-permission":[],"class_list":["post-5271","page","type-page","status-publish","hentry","entry"],"_links":{"self":[{"href":"https:\/\/eliselenoble.fr\/formations\/wp-json\/wp\/v2\/pages\/5271","targetHints":{"allow":["GET"]}}],"collection":[{"href":"https:\/\/eliselenoble.fr\/formations\/wp-json\/wp\/v2\/pages"}],"about":[{"href":"https:\/\/eliselenoble.fr\/formations\/wp-json\/wp\/v2\/types\/page"}],"author":[{"embeddable":true,"href":"https:\/\/eliselenoble.fr\/formations\/wp-json\/wp\/v2\/users\/1"}],"replies":[{"embeddable":true,"href":"https:\/\/eliselenoble.fr\/formations\/wp-json\/wp\/v2\/comments?post=5271"}],"version-history":[{"count":41,"href":"https:\/\/eliselenoble.fr\/formations\/wp-json\/wp\/v2\/pages\/5271\/revisions"}],"predecessor-version":[{"id":7636,"href":"https:\/\/eliselenoble.fr\/formations\/wp-json\/wp\/v2\/pages\/5271\/revisions\/7636"}],"wp:attachment":[{"href":"https:\/\/eliselenoble.fr\/formations\/wp-json\/wp\/v2\/media?parent=5271"}],"wp:term":[{"taxonomy":"simple-restrict-permission","embeddable":true,"href":"https:\/\/eliselenoble.fr\/formations\/wp-json\/wp\/v2\/simple-restrict-permission?post=5271"}],"curies":[{"name":"wp","href":"https:\/\/api.w.org\/{rel}","templated":true}]}}